{"id":1257,"date":"2025-10-25T01:18:10","date_gmt":"2025-10-25T01:18:10","guid":{"rendered":"https:\/\/mythkeyjewelry.com\/?post_type=product&#038;p=1257"},"modified":"2025-11-01T00:37:25","modified_gmt":"2025-11-01T00:37:25","slug":"mythkey-2-carat-oval-yellow-ring","status":"publish","type":"product","link":"https:\/\/mythkeyjewelry.com\/nb\/produkt\/mythkey-2-carat-oval-yellow-ring\/","title":{"rendered":"MYTHKEY 2 karat oval diamantring i gul krystall"},"content":{"rendered":"<p>MYTHKEY Sunlight Muse Ring er en str\u00e5lende og grasi\u00f8s ring som fanger varmen fra en gyllen soloppgang. Den ovale, gule krystallen gl\u00f8der med lysende glans, delikat innrammet av et diamantbelagt b\u00e5nd som fremhever den elegante enkelheten. Ringen er laget for kvinner som str\u00e5ler av selvtillit, og symboliserer optimisme, skj\u00f8nnhet og indre styrke - en tidl\u00f8s muse av lys.<\/p>","protected":false},"excerpt":{"rendered":"<p>Navn: Sunlight Muse<br \/>\nMateriale: 925 s\u00f8lv<br \/>\nHovedstein: 2 karat syntetisk krystall<br \/>\nSteinst\u00f8rrelse: 11*7 mm<br \/>\nTotal vekt: 4,5 g<br \/>\nLanserings\u00e5r\/sesong: V\u00e5ren 2025<br \/>\nProduktkode: 25SR05<\/p>","protected":false},"featured_media":1258,"comment_status":"open","ping_status":"closed","template":"","meta":{"_acf_changed":false},"product_brand":[],"product_cat":[30],"product_tag":[],"class_list":{"0":"post-1257","1":"product","2":"type-product","3":"status-publish","4":"has-post-thumbnail","6":"product_cat-rings","8":"first","9":"instock","10":"shipping-taxable","11":"purchasable","12":"product-type-simple","13":"wpzoom-wc-spi-has-enabled"},"acf":[],"_links":{"self":[{"href":"https:\/\/mythkeyjewelry.com\/nb\/wp-json\/wp\/v2\/product\/1257","targetHints":{"allow":["GET"]}}],"collection":[{"href":"https:\/\/mythkeyjewelry.com\/nb\/wp-json\/wp\/v2\/product"}],"about":[{"href":"https:\/\/mythkeyjewelry.com\/nb\/wp-json\/wp\/v2\/types\/product"}],"replies":[{"embeddable":true,"href":"https:\/\/mythkeyjewelry.com\/nb\/wp-json\/wp\/v2\/comments?post=1257"}],"version-history":[{"count":4,"href":"https:\/\/mythkeyjewelry.com\/nb\/wp-json\/wp\/v2\/product\/1257\/revisions"}],"predecessor-version":[{"id":1374,"href":"https:\/\/mythkeyjewelry.com\/nb\/wp-json\/wp\/v2\/product\/1257\/revisions\/1374"}],"wp:featuredmedia":[{"embeddable":true,"href":"https:\/\/mythkeyjewelry.com\/nb\/wp-json\/wp\/v2\/media\/1258"}],"wp:attachment":[{"href":"https:\/\/mythkeyjewelry.com\/nb\/wp-json\/wp\/v2\/media?parent=1257"}],"wp:term":[{"taxonomy":"product_brand","embeddable":true,"href":"https:\/\/mythkeyjewelry.com\/nb\/wp-json\/wp\/v2\/product_brand?post=1257"},{"taxonomy":"product_cat","embeddable":true,"href":"https:\/\/mythkeyjewelry.com\/nb\/wp-json\/wp\/v2\/product_cat?post=1257"},{"taxonomy":"product_tag","embeddable":true,"href":"https:\/\/mythkeyjewelry.com\/nb\/wp-json\/wp\/v2\/product_tag?post=1257"}],"curies":[{"name":"wp","href":"https:\/\/api.w.org\/{rel}","templated":true}]}}