{"id":1275,"date":"2025-10-25T02:07:29","date_gmt":"2025-10-25T02:07:29","guid":{"rendered":"https:\/\/mythkeyjewelry.com\/?post_type=product&#038;p=1275"},"modified":"2025-11-01T00:35:52","modified_gmt":"2025-11-01T00:35:52","slug":"mythkey-8-5-carat-emerald-cut-pink-crystal-diamond-ring","status":"publish","type":"product","link":"https:\/\/mythkeyjewelry.com\/nb\/produkt\/mythkey-8-5-carat-emerald-cut-pink-crystal-diamond-ring\/","title":{"rendered":"MYTHKEY 8,5 karat smaragdslipt rosa krystallring med diamant"},"content":{"rendered":"<p>MYTHKEY Rose Radiance Ring er en tidl\u00f8s og lysende ring som legemliggj\u00f8r lysets poesi gjennom en fantastisk smaragdslipt rosa krystall innrammet av koniske sidediamanter, og den geometriske symmetrien fremhever edelstenens myke, r\u00f8dlige fargetone og indre briljans. Denne grasi\u00f8se, men kraftfulle ringen symboliserer kj\u00e6rlighet, ro og raffinert selvtillit - et str\u00e5lende statement for enhver anledning.<\/p>","protected":false},"excerpt":{"rendered":"<p>Navn: Rose Radiance<br \/>\nMateriale: 925 s\u00f8lv<br \/>\nHovedstein: 8,5 karat syntetisk krystall<br \/>\nSteinst\u00f8rrelse: 10*19 mm<br \/>\nTotal vekt: 6,9 g<br \/>\nLanserings\u00e5r\/sesong: Vinteren 2025<br \/>\nProduktkode: 25WR01<\/p>","protected":false},"featured_media":1263,"comment_status":"open","ping_status":"closed","template":"","meta":{"_acf_changed":false},"product_brand":[],"product_cat":[30],"product_tag":[],"class_list":{"0":"post-1275","1":"product","2":"type-product","3":"status-publish","4":"has-post-thumbnail","6":"product_cat-rings","8":"first","9":"instock","10":"shipping-taxable","11":"purchasable","12":"product-type-simple","13":"wpzoom-wc-spi-has-enabled"},"acf":[],"_links":{"self":[{"href":"https:\/\/mythkeyjewelry.com\/nb\/wp-json\/wp\/v2\/product\/1275","targetHints":{"allow":["GET"]}}],"collection":[{"href":"https:\/\/mythkeyjewelry.com\/nb\/wp-json\/wp\/v2\/product"}],"about":[{"href":"https:\/\/mythkeyjewelry.com\/nb\/wp-json\/wp\/v2\/types\/product"}],"replies":[{"embeddable":true,"href":"https:\/\/mythkeyjewelry.com\/nb\/wp-json\/wp\/v2\/comments?post=1275"}],"version-history":[{"count":3,"href":"https:\/\/mythkeyjewelry.com\/nb\/wp-json\/wp\/v2\/product\/1275\/revisions"}],"predecessor-version":[{"id":1366,"href":"https:\/\/mythkeyjewelry.com\/nb\/wp-json\/wp\/v2\/product\/1275\/revisions\/1366"}],"wp:featuredmedia":[{"embeddable":true,"href":"https:\/\/mythkeyjewelry.com\/nb\/wp-json\/wp\/v2\/media\/1263"}],"wp:attachment":[{"href":"https:\/\/mythkeyjewelry.com\/nb\/wp-json\/wp\/v2\/media?parent=1275"}],"wp:term":[{"taxonomy":"product_brand","embeddable":true,"href":"https:\/\/mythkeyjewelry.com\/nb\/wp-json\/wp\/v2\/product_brand?post=1275"},{"taxonomy":"product_cat","embeddable":true,"href":"https:\/\/mythkeyjewelry.com\/nb\/wp-json\/wp\/v2\/product_cat?post=1275"},{"taxonomy":"product_tag","embeddable":true,"href":"https:\/\/mythkeyjewelry.com\/nb\/wp-json\/wp\/v2\/product_tag?post=1275"}],"curies":[{"name":"wp","href":"https:\/\/api.w.org\/{rel}","templated":true}]}}