{"id":1284,"date":"2025-10-25T03:02:11","date_gmt":"2025-10-25T03:02:11","guid":{"rendered":"https:\/\/mythkeyjewelry.com\/?post_type=product&#038;p=1284"},"modified":"2025-11-01T00:34:50","modified_gmt":"2025-11-01T00:34:50","slug":"mythkey-3-carat-pear-cut-blue-crystal-star-diamond-ring","status":"publish","type":"product","link":"https:\/\/mythkeyjewelry.com\/nb\/produkt\/mythkey-3-carat-pear-cut-blue-crystal-star-diamond-ring\/","title":{"rendered":"MYTHKEY 3 karat p\u00e6reslipt bl\u00e5 krystallstjerne diamantring"},"content":{"rendered":"<p>MYTHKEY Starlit Bloom Ring er en str\u00e5lende og eterisk ring som fanger magien fra en nattehimmel opplyst av en enkelt str\u00e5lende stjerne. En p\u00e6reslipt bl\u00e5 krystall hviler i hjertet, omgitt av marquise- og p\u00e6reslipte steiner som utfolder seg som himmelske kronblader. Lyset danser over hver fasett og gjenspeiler selvtillit, ynde og uendelig sjarm. Den er delikat formet for \u00e5 utstr\u00e5le b\u00e5de styrke og ro, og er et ekte uttrykk for lysende skj\u00f8nnhet.<\/p>","protected":false},"excerpt":{"rendered":"<p>Navn: Starlit Bloom<br \/>\nMateriale: 925 s\u00f8lv<br \/>\nHovedstein: 3 karat syntetisk krystall<br \/>\nSteinst\u00f8rrelse: 9*10 mm<br \/>\nTotal vekt: 5,2 g<br \/>\nLanserings\u00e5r\/sesong: H\u00f8sten 2025<br \/>\nProduktkode: 25AR01<\/p>","protected":false},"featured_media":1285,"comment_status":"open","ping_status":"closed","template":"","meta":{"_acf_changed":false},"product_brand":[],"product_cat":[30],"product_tag":[],"class_list":{"0":"post-1284","1":"product","2":"type-product","3":"status-publish","4":"has-post-thumbnail","6":"product_cat-rings","8":"first","9":"instock","10":"shipping-taxable","11":"purchasable","12":"product-type-simple","13":"wpzoom-wc-spi-has-enabled"},"acf":[],"_links":{"self":[{"href":"https:\/\/mythkeyjewelry.com\/nb\/wp-json\/wp\/v2\/product\/1284","targetHints":{"allow":["GET"]}}],"collection":[{"href":"https:\/\/mythkeyjewelry.com\/nb\/wp-json\/wp\/v2\/product"}],"about":[{"href":"https:\/\/mythkeyjewelry.com\/nb\/wp-json\/wp\/v2\/types\/product"}],"replies":[{"embeddable":true,"href":"https:\/\/mythkeyjewelry.com\/nb\/wp-json\/wp\/v2\/comments?post=1284"}],"version-history":[{"count":2,"href":"https:\/\/mythkeyjewelry.com\/nb\/wp-json\/wp\/v2\/product\/1284\/revisions"}],"predecessor-version":[{"id":1351,"href":"https:\/\/mythkeyjewelry.com\/nb\/wp-json\/wp\/v2\/product\/1284\/revisions\/1351"}],"wp:featuredmedia":[{"embeddable":true,"href":"https:\/\/mythkeyjewelry.com\/nb\/wp-json\/wp\/v2\/media\/1285"}],"wp:attachment":[{"href":"https:\/\/mythkeyjewelry.com\/nb\/wp-json\/wp\/v2\/media?parent=1284"}],"wp:term":[{"taxonomy":"product_brand","embeddable":true,"href":"https:\/\/mythkeyjewelry.com\/nb\/wp-json\/wp\/v2\/product_brand?post=1284"},{"taxonomy":"product_cat","embeddable":true,"href":"https:\/\/mythkeyjewelry.com\/nb\/wp-json\/wp\/v2\/product_cat?post=1284"},{"taxonomy":"product_tag","embeddable":true,"href":"https:\/\/mythkeyjewelry.com\/nb\/wp-json\/wp\/v2\/product_tag?post=1284"}],"curies":[{"name":"wp","href":"https:\/\/api.w.org\/{rel}","templated":true}]}}