{"id":1288,"date":"2025-10-25T03:20:09","date_gmt":"2025-10-25T03:20:09","guid":{"rendered":"https:\/\/mythkeyjewelry.com\/?post_type=product&#038;p=1288"},"modified":"2025-11-01T00:26:02","modified_gmt":"2025-11-01T00:26:02","slug":"mythkey-7-5-carat-cushion-cut-pink-crystal-diamond-ring","status":"publish","type":"product","link":"https:\/\/mythkeyjewelry.com\/nb\/produkt\/mythkey-7-5-carat-cushion-cut-pink-crystal-diamond-ring\/","title":{"rendered":"MYTHKEY 7,5 karat pute-slipt rosa krystall diamantring"},"content":{"rendered":"<p>MYTHKEY Blush Aurora Ring er elegant og str\u00e5lende, og den fanger daggryets f\u00f8rste gl\u00f8d i en myk rosa fargetone.den puteformede krystallen reflekterer mild varme og raffinert glans, innrammet av baguette- og pav\u00e9diamanter som tilf\u00f8rer arkitektonisk ynde.den er en harmoni av \u00f8mhet og styrke, og feirer tidl\u00f8s eleganse - grasi\u00f8s, lysende og uanstrengt fengslende.<\/p>","protected":false},"excerpt":{"rendered":"<p>Navn: Blush Aurora<br \/>\nMateriale: 925 s\u00f8lv<br \/>\nHovedstein: 7,5 karat syntetisk krystall<br \/>\nSteinst\u00f8rrelse: 11*15 mm<br \/>\nTotal vekt: 7,8 g<br \/>\nLanserings\u00e5r\/sesong: V\u00e5ren 2025<br \/>\nProduktkode: 25SR03<\/p>","protected":false},"featured_media":1289,"comment_status":"open","ping_status":"closed","template":"","meta":{"_acf_changed":false},"product_brand":[],"product_cat":[30],"product_tag":[],"class_list":{"0":"post-1288","1":"product","2":"type-product","3":"status-publish","4":"has-post-thumbnail","6":"product_cat-rings","8":"first","9":"instock","10":"shipping-taxable","11":"purchasable","12":"product-type-simple","13":"wpzoom-wc-spi-has-enabled"},"acf":[],"_links":{"self":[{"href":"https:\/\/mythkeyjewelry.com\/nb\/wp-json\/wp\/v2\/product\/1288","targetHints":{"allow":["GET"]}}],"collection":[{"href":"https:\/\/mythkeyjewelry.com\/nb\/wp-json\/wp\/v2\/product"}],"about":[{"href":"https:\/\/mythkeyjewelry.com\/nb\/wp-json\/wp\/v2\/types\/product"}],"replies":[{"embeddable":true,"href":"https:\/\/mythkeyjewelry.com\/nb\/wp-json\/wp\/v2\/comments?post=1288"}],"version-history":[{"count":1,"href":"https:\/\/mythkeyjewelry.com\/nb\/wp-json\/wp\/v2\/product\/1288\/revisions"}],"predecessor-version":[{"id":1292,"href":"https:\/\/mythkeyjewelry.com\/nb\/wp-json\/wp\/v2\/product\/1288\/revisions\/1292"}],"wp:featuredmedia":[{"embeddable":true,"href":"https:\/\/mythkeyjewelry.com\/nb\/wp-json\/wp\/v2\/media\/1289"}],"wp:attachment":[{"href":"https:\/\/mythkeyjewelry.com\/nb\/wp-json\/wp\/v2\/media?parent=1288"}],"wp:term":[{"taxonomy":"product_brand","embeddable":true,"href":"https:\/\/mythkeyjewelry.com\/nb\/wp-json\/wp\/v2\/product_brand?post=1288"},{"taxonomy":"product_cat","embeddable":true,"href":"https:\/\/mythkeyjewelry.com\/nb\/wp-json\/wp\/v2\/product_cat?post=1288"},{"taxonomy":"product_tag","embeddable":true,"href":"https:\/\/mythkeyjewelry.com\/nb\/wp-json\/wp\/v2\/product_tag?post=1288"}],"curies":[{"name":"wp","href":"https:\/\/api.w.org\/{rel}","templated":true}]}}