{"id":1294,"date":"2025-10-25T23:10:03","date_gmt":"2025-10-25T23:10:03","guid":{"rendered":"https:\/\/mythkeyjewelry.com\/?post_type=product&#038;p=1294"},"modified":"2025-11-01T00:26:17","modified_gmt":"2025-11-01T00:26:17","slug":"mythkey-silver-gilt-crossed-diamond-ring","status":"publish","type":"product","link":"https:\/\/mythkeyjewelry.com\/nb\/produkt\/mythkey-silver-gilt-crossed-diamond-ring\/","title":{"rendered":"MYTHKEY s\u00f8lvforgylt ring med kryssede diamanter"},"content":{"rendered":"<p>MYTHKEY Golden Symphony Ring er en moderne og raffinert ring som harmoniserer lys og tekstur i et grasi\u00f8st formspill.laget av b\u00f8rstet s\u00f8lv forgylt i gull, og de kryssede pav\u00e9b\u00e5ndene skaper en flytende rytme som glitrer ved hver bevegelse.en balanse mellom styrke og eleganse, den legemliggj\u00f8r tidl\u00f8st h\u00e5ndverk og str\u00e5lende utstr\u00e5ling - diskr\u00e9, men uforglemmelig.<\/p>","protected":false},"excerpt":{"rendered":"<p>Navn: Golden Symphony<br \/>\nMateriale: 925 s\u00f8lv<br \/>\nTotal vekt: 7,6 g<br \/>\nLanserings\u00e5r\/sesong: Vinteren 2024<br \/>\nProduktkode: 24WR03<\/p>","protected":false},"featured_media":1295,"comment_status":"open","ping_status":"closed","template":"","meta":{"_acf_changed":false},"product_brand":[],"product_cat":[30],"product_tag":[],"class_list":{"0":"post-1294","1":"product","2":"type-product","3":"status-publish","4":"has-post-thumbnail","6":"product_cat-rings","8":"first","9":"instock","10":"shipping-taxable","11":"purchasable","12":"product-type-simple","13":"wpzoom-wc-spi-has-enabled"},"acf":[],"_links":{"self":[{"href":"https:\/\/mythkeyjewelry.com\/nb\/wp-json\/wp\/v2\/product\/1294","targetHints":{"allow":["GET"]}}],"collection":[{"href":"https:\/\/mythkeyjewelry.com\/nb\/wp-json\/wp\/v2\/product"}],"about":[{"href":"https:\/\/mythkeyjewelry.com\/nb\/wp-json\/wp\/v2\/types\/product"}],"replies":[{"embeddable":true,"href":"https:\/\/mythkeyjewelry.com\/nb\/wp-json\/wp\/v2\/comments?post=1294"}],"version-history":[{"count":2,"href":"https:\/\/mythkeyjewelry.com\/nb\/wp-json\/wp\/v2\/product\/1294\/revisions"}],"predecessor-version":[{"id":1365,"href":"https:\/\/mythkeyjewelry.com\/nb\/wp-json\/wp\/v2\/product\/1294\/revisions\/1365"}],"wp:featuredmedia":[{"embeddable":true,"href":"https:\/\/mythkeyjewelry.com\/nb\/wp-json\/wp\/v2\/media\/1295"}],"wp:attachment":[{"href":"https:\/\/mythkeyjewelry.com\/nb\/wp-json\/wp\/v2\/media?parent=1294"}],"wp:term":[{"taxonomy":"product_brand","embeddable":true,"href":"https:\/\/mythkeyjewelry.com\/nb\/wp-json\/wp\/v2\/product_brand?post=1294"},{"taxonomy":"product_cat","embeddable":true,"href":"https:\/\/mythkeyjewelry.com\/nb\/wp-json\/wp\/v2\/product_cat?post=1294"},{"taxonomy":"product_tag","embeddable":true,"href":"https:\/\/mythkeyjewelry.com\/nb\/wp-json\/wp\/v2\/product_tag?post=1294"}],"curies":[{"name":"wp","href":"https:\/\/api.w.org\/{rel}","templated":true}]}}