{"id":1300,"date":"2025-10-27T01:19:49","date_gmt":"2025-10-27T01:19:49","guid":{"rendered":"https:\/\/mythkeyjewelry.com\/?post_type=product&#038;p=1300"},"modified":"2025-11-01T00:26:32","modified_gmt":"2025-11-01T00:26:32","slug":"mythkey-7-carat-cushion-cut-pink-crystal-diamond-ring","status":"publish","type":"product","link":"https:\/\/mythkeyjewelry.com\/nb\/produkt\/mythkey-7-carat-cushion-cut-pink-crystal-diamond-ring\/","title":{"rendered":"MYTHKEY 7 karat pute-slipt rosa krystall diamantring"},"content":{"rendered":"<p>MYTHKEY Rose Crown Ring er majestetisk og str\u00e5lende, og den utstr\u00e5ler essensen av moderne ynde gjennom sin uts\u00f8kte 7 karat puteformede rosa krystall, innrammet av glitrende hvite og blush diamanter, og reflekterer lyset med en sjelden dybde og tidl\u00f8s glans. Dette mesterverket er et symbol p\u00e5 selvtillit og raffinert tiltrekningskraft, og feirer skj\u00f8nnhet som regjerer med stille styrke - lysende, kongelig og uforglemmelig.<\/p>","protected":false},"excerpt":{"rendered":"<p>Navn: Rose Crown<br \/>\nMateriale: 925 s\u00f8lv<br \/>\nHovedstein: 7 karat syntetisk krystall<br \/>\nSteinst\u00f8rrelse: 12*12 mm<br \/>\nTotal vekt: 7,8 g<br \/>\nLanserings\u00e5r\/sesong: V\u00e5ren 2025<br \/>\nProduktkode: 25SR04<\/p>","protected":false},"featured_media":1301,"comment_status":"open","ping_status":"closed","template":"","meta":{"_acf_changed":false},"product_brand":[],"product_cat":[30],"product_tag":[],"class_list":{"0":"post-1300","1":"product","2":"type-product","3":"status-publish","4":"has-post-thumbnail","6":"product_cat-rings","8":"first","9":"instock","10":"shipping-taxable","11":"purchasable","12":"product-type-simple","13":"wpzoom-wc-spi-has-enabled"},"acf":[],"_links":{"self":[{"href":"https:\/\/mythkeyjewelry.com\/nb\/wp-json\/wp\/v2\/product\/1300","targetHints":{"allow":["GET"]}}],"collection":[{"href":"https:\/\/mythkeyjewelry.com\/nb\/wp-json\/wp\/v2\/product"}],"about":[{"href":"https:\/\/mythkeyjewelry.com\/nb\/wp-json\/wp\/v2\/types\/product"}],"replies":[{"embeddable":true,"href":"https:\/\/mythkeyjewelry.com\/nb\/wp-json\/wp\/v2\/comments?post=1300"}],"version-history":[{"count":2,"href":"https:\/\/mythkeyjewelry.com\/nb\/wp-json\/wp\/v2\/product\/1300\/revisions"}],"predecessor-version":[{"id":1546,"href":"https:\/\/mythkeyjewelry.com\/nb\/wp-json\/wp\/v2\/product\/1300\/revisions\/1546"}],"wp:featuredmedia":[{"embeddable":true,"href":"https:\/\/mythkeyjewelry.com\/nb\/wp-json\/wp\/v2\/media\/1301"}],"wp:attachment":[{"href":"https:\/\/mythkeyjewelry.com\/nb\/wp-json\/wp\/v2\/media?parent=1300"}],"wp:term":[{"taxonomy":"product_brand","embeddable":true,"href":"https:\/\/mythkeyjewelry.com\/nb\/wp-json\/wp\/v2\/product_brand?post=1300"},{"taxonomy":"product_cat","embeddable":true,"href":"https:\/\/mythkeyjewelry.com\/nb\/wp-json\/wp\/v2\/product_cat?post=1300"},{"taxonomy":"product_tag","embeddable":true,"href":"https:\/\/mythkeyjewelry.com\/nb\/wp-json\/wp\/v2\/product_tag?post=1300"}],"curies":[{"name":"wp","href":"https:\/\/api.w.org\/{rel}","templated":true}]}}