{"id":1340,"date":"2025-10-27T05:34:01","date_gmt":"2025-10-27T05:34:01","guid":{"rendered":"https:\/\/mythkeyjewelry.com\/?post_type=product&#038;p=1340"},"modified":"2025-11-24T05:44:21","modified_gmt":"2025-11-24T05:44:21","slug":"mythkey-oval-ruby-halo-ring","status":"publish","type":"product","link":"https:\/\/mythkeyjewelry.com\/nb\/produkt\/mythkey-oval-ruby-halo-ring\/","title":{"rendered":"MYTHKEY Oval rubin halo-ring"},"content":{"rendered":"<p>MYTHKEY Oval Ruby Halo Ring - Flame of Eternity er tidl\u00f8s eleganse med sin levende, purpurr\u00f8de gl\u00f8d. Den ovalslipte rubinen hviler i hjertet av en raffinert s\u00f8lvinnfatning, innrammet av str\u00e5lende krystaller som utstr\u00e5ler varme og styrke.Ringen er laget med presisjonsslipte syntetiske edelstener som gir varig klarhet, rik fargestabilitet og varig briljans. Uansett om den b\u00e6res til en sofistikert kveld eller til daglig, fanger denne ringen \u00e5nden av lidenskap som aldri blekner - et sant symbol p\u00e5 eleganse i alle tider.<\/p>","protected":false},"excerpt":{"rendered":"<p>Navn: Evighetens flamme<br \/>\nMateriale: 925 s\u00f8lv<br \/>\nHovedstein: 1,2 karat syntetisk krystall<br \/>\nSteinst\u00f8rrelse: 6*8 mm<br \/>\nTotal vekt: 4,1 g<br \/>\nLanserings\u00e5r\/sesong: Vinteren 2024<br \/>\nProduktkode: 24WR02<\/p>","protected":false},"featured_media":1419,"comment_status":"open","ping_status":"closed","template":"","meta":{"_acf_changed":false},"product_brand":[],"product_cat":[30],"product_tag":[],"class_list":{"0":"post-1340","1":"product","2":"type-product","3":"status-publish","4":"has-post-thumbnail","6":"product_cat-rings","8":"first","9":"instock","10":"shipping-taxable","11":"purchasable","12":"product-type-simple","13":"wpzoom-wc-spi-has-enabled"},"acf":[],"_links":{"self":[{"href":"https:\/\/mythkeyjewelry.com\/nb\/wp-json\/wp\/v2\/product\/1340","targetHints":{"allow":["GET"]}}],"collection":[{"href":"https:\/\/mythkeyjewelry.com\/nb\/wp-json\/wp\/v2\/product"}],"about":[{"href":"https:\/\/mythkeyjewelry.com\/nb\/wp-json\/wp\/v2\/types\/product"}],"replies":[{"embeddable":true,"href":"https:\/\/mythkeyjewelry.com\/nb\/wp-json\/wp\/v2\/comments?post=1340"}],"version-history":[{"count":1,"href":"https:\/\/mythkeyjewelry.com\/nb\/wp-json\/wp\/v2\/product\/1340\/revisions"}],"predecessor-version":[{"id":1346,"href":"https:\/\/mythkeyjewelry.com\/nb\/wp-json\/wp\/v2\/product\/1340\/revisions\/1346"}],"wp:featuredmedia":[{"embeddable":true,"href":"https:\/\/mythkeyjewelry.com\/nb\/wp-json\/wp\/v2\/media\/1419"}],"wp:attachment":[{"href":"https:\/\/mythkeyjewelry.com\/nb\/wp-json\/wp\/v2\/media?parent=1340"}],"wp:term":[{"taxonomy":"product_brand","embeddable":true,"href":"https:\/\/mythkeyjewelry.com\/nb\/wp-json\/wp\/v2\/product_brand?post=1340"},{"taxonomy":"product_cat","embeddable":true,"href":"https:\/\/mythkeyjewelry.com\/nb\/wp-json\/wp\/v2\/product_cat?post=1340"},{"taxonomy":"product_tag","embeddable":true,"href":"https:\/\/mythkeyjewelry.com\/nb\/wp-json\/wp\/v2\/product_tag?post=1340"}],"curies":[{"name":"wp","href":"https:\/\/api.w.org\/{rel}","templated":true}]}}