{"id":1375,"date":"2025-10-29T05:07:26","date_gmt":"2025-10-29T05:07:26","guid":{"rendered":"https:\/\/mythkeyjewelry.com\/?post_type=product&#038;p=1375"},"modified":"2025-11-01T00:31:52","modified_gmt":"2025-11-01T00:31:52","slug":"mythkey-5-5-carat-green-chalcedony-cabochon-diamond-halo-ring","status":"publish","type":"product","link":"https:\/\/mythkeyjewelry.com\/nb\/produkt\/mythkey-5-5-carat-green-chalcedony-cabochon-diamond-halo-ring\/","title":{"rendered":"MYTHKEY 5,5 karat gr\u00f8nn kalcedon cabochon diamant halo-ring"},"content":{"rendered":"<p>MYTHKEY Eternal Green Ring er et uttrykk for den rolige balansen mellom natur og lys. I hjertet ligger en lysende 5,5 karat gr\u00f8nn kalcedon-cabochon, som gl\u00f8der av fredfylt vitalitet og dybde. Omkranset av en glorie av briljante diamanter, gjenspeiler ringen harmoni og fornyelse - en hyllest til tidl\u00f8s skj\u00f8nnhet og indre ro. Ringen utstr\u00e5ler varig eleganse og fanger v\u00e5rens essens i hvert eneste milde skimmer.<\/p>","protected":false},"excerpt":{"rendered":"<p>Navn: Eternal Green<br \/>\nMateriale: 925 s\u00f8lv<br \/>\nSteintype: 5,5 karat syntetisk krystall<br \/>\nSteinst\u00f8rrelse: 12 mm<br \/>\nTotal vekt: 9 g<br \/>\nLanserings\u00e5r\/sesong: V\u00e5ren 2025<br \/>\nProduktkode: 25R01<\/p>","protected":false},"featured_media":1376,"comment_status":"open","ping_status":"closed","template":"","meta":{"_acf_changed":false},"product_brand":[],"product_cat":[30],"product_tag":[],"class_list":{"0":"post-1375","1":"product","2":"type-product","3":"status-publish","4":"has-post-thumbnail","6":"product_cat-rings","8":"first","9":"instock","10":"shipping-taxable","11":"purchasable","12":"product-type-simple","13":"wpzoom-wc-spi-has-enabled"},"acf":[],"_links":{"self":[{"href":"https:\/\/mythkeyjewelry.com\/nb\/wp-json\/wp\/v2\/product\/1375","targetHints":{"allow":["GET"]}}],"collection":[{"href":"https:\/\/mythkeyjewelry.com\/nb\/wp-json\/wp\/v2\/product"}],"about":[{"href":"https:\/\/mythkeyjewelry.com\/nb\/wp-json\/wp\/v2\/types\/product"}],"replies":[{"embeddable":true,"href":"https:\/\/mythkeyjewelry.com\/nb\/wp-json\/wp\/v2\/comments?post=1375"}],"version-history":[{"count":1,"href":"https:\/\/mythkeyjewelry.com\/nb\/wp-json\/wp\/v2\/product\/1375\/revisions"}],"predecessor-version":[{"id":1379,"href":"https:\/\/mythkeyjewelry.com\/nb\/wp-json\/wp\/v2\/product\/1375\/revisions\/1379"}],"wp:featuredmedia":[{"embeddable":true,"href":"https:\/\/mythkeyjewelry.com\/nb\/wp-json\/wp\/v2\/media\/1376"}],"wp:attachment":[{"href":"https:\/\/mythkeyjewelry.com\/nb\/wp-json\/wp\/v2\/media?parent=1375"}],"wp:term":[{"taxonomy":"product_brand","embeddable":true,"href":"https:\/\/mythkeyjewelry.com\/nb\/wp-json\/wp\/v2\/product_brand?post=1375"},{"taxonomy":"product_cat","embeddable":true,"href":"https:\/\/mythkeyjewelry.com\/nb\/wp-json\/wp\/v2\/product_cat?post=1375"},{"taxonomy":"product_tag","embeddable":true,"href":"https:\/\/mythkeyjewelry.com\/nb\/wp-json\/wp\/v2\/product_tag?post=1375"}],"curies":[{"name":"wp","href":"https:\/\/api.w.org\/{rel}","templated":true}]}}