{"id":1380,"date":"2025-10-29T05:36:12","date_gmt":"2025-10-29T05:36:12","guid":{"rendered":"https:\/\/mythkeyjewelry.com\/?post_type=product&#038;p=1380"},"modified":"2025-11-01T00:32:08","modified_gmt":"2025-11-01T00:32:08","slug":"mythkey-purple-crystal-floral-vine-ring","status":"publish","type":"product","link":"https:\/\/mythkeyjewelry.com\/nb\/produkt\/mythkey-purple-crystal-floral-vine-ring\/","title":{"rendered":"MYTHKEY Purple Crystal Floral Vine Ring"},"content":{"rendered":"<p>MYTHKEY Morning Bloom Ring fanger morgengryets milde utstr\u00e5ling i en delikat sammensmelting av farger og lys.en p\u00e6reslipt lavendelkrystall hviler i hjertet av et gyllent blomsterdesign, omgitt av str\u00e5lende markis- og rundslipte steiner som gjenspeiler kronbladene som ber\u00f8res av sollys.det flytende vinb\u00e5ndet, laget i gullbelagt s\u00f8lv, symboliserer fornyelse og n\u00e5de - et lysende utsagn om eleganse som lyser opp enhver gest.<\/p>","protected":false},"excerpt":{"rendered":"<p>Navn: Morning Bloom<br \/>\nMateriale: 925 s\u00f8lv<br \/>\nHovedstein: Syntetisk krystall<br \/>\nSteinst\u00f8rrelse: 5 * 7 mm<br \/>\nTotal vekt: 3,5 g<br \/>\nLanserings\u00e5r\/sesong: Vinteren 2024<br \/>\nProduktkode: 24WR04<\/p>","protected":false},"featured_media":1381,"comment_status":"open","ping_status":"closed","template":"","meta":{"_acf_changed":false},"product_brand":[],"product_cat":[30],"product_tag":[],"class_list":{"0":"post-1380","1":"product","2":"type-product","3":"status-publish","4":"has-post-thumbnail","6":"product_cat-rings","8":"first","9":"instock","10":"shipping-taxable","11":"purchasable","12":"product-type-simple","13":"wpzoom-wc-spi-has-enabled"},"acf":[],"_links":{"self":[{"href":"https:\/\/mythkeyjewelry.com\/nb\/wp-json\/wp\/v2\/product\/1380","targetHints":{"allow":["GET"]}}],"collection":[{"href":"https:\/\/mythkeyjewelry.com\/nb\/wp-json\/wp\/v2\/product"}],"about":[{"href":"https:\/\/mythkeyjewelry.com\/nb\/wp-json\/wp\/v2\/types\/product"}],"replies":[{"embeddable":true,"href":"https:\/\/mythkeyjewelry.com\/nb\/wp-json\/wp\/v2\/comments?post=1380"}],"version-history":[{"count":2,"href":"https:\/\/mythkeyjewelry.com\/nb\/wp-json\/wp\/v2\/product\/1380\/revisions"}],"predecessor-version":[{"id":1385,"href":"https:\/\/mythkeyjewelry.com\/nb\/wp-json\/wp\/v2\/product\/1380\/revisions\/1385"}],"wp:featuredmedia":[{"embeddable":true,"href":"https:\/\/mythkeyjewelry.com\/nb\/wp-json\/wp\/v2\/media\/1381"}],"wp:attachment":[{"href":"https:\/\/mythkeyjewelry.com\/nb\/wp-json\/wp\/v2\/media?parent=1380"}],"wp:term":[{"taxonomy":"product_brand","embeddable":true,"href":"https:\/\/mythkeyjewelry.com\/nb\/wp-json\/wp\/v2\/product_brand?post=1380"},{"taxonomy":"product_cat","embeddable":true,"href":"https:\/\/mythkeyjewelry.com\/nb\/wp-json\/wp\/v2\/product_cat?post=1380"},{"taxonomy":"product_tag","embeddable":true,"href":"https:\/\/mythkeyjewelry.com\/nb\/wp-json\/wp\/v2\/product_tag?post=1380"}],"curies":[{"name":"wp","href":"https:\/\/api.w.org\/{rel}","templated":true}]}}