{"id":1386,"date":"2025-10-29T06:00:16","date_gmt":"2025-10-29T06:00:16","guid":{"rendered":"https:\/\/mythkeyjewelry.com\/?post_type=product&#038;p=1386"},"modified":"2025-11-01T00:27:24","modified_gmt":"2025-11-01T00:27:24","slug":"mythkey-4-5-carat-oval-blue-crystal-three-stone-ring","status":"publish","type":"product","link":"https:\/\/mythkeyjewelry.com\/nb\/produkt\/mythkey-4-5-carat-oval-blue-crystal-three-stone-ring\/","title":{"rendered":"MYTHKEY 4,5 karat oval bl\u00e5 krystallring med tre steiner"},"content":{"rendered":"<p>MYTHKEY Azure Serenity Ring fremkaller havets rolige skj\u00f8nnhet. Ringens midtpunkt - en briljant, ovalslipt bl\u00e5 krystall - fanger dybden og roen i tidevannets skiftende str\u00f8mninger, flankert av to lysende sidesteiner som forsterker den str\u00e5lende klarheten. Ringen er innfattet i fins\u00f8lv med omhyggelig h\u00e5ndverk og gjenspeiler tidl\u00f8s eleganse og indre ro, noe som gir et snev av fredfylt glans til enhver gest.<\/p>","protected":false},"excerpt":{"rendered":"<p>Navn: Azure Serenity<br \/>\nMateriale: 925 s\u00f8lv<br \/>\nHovedstein: 4,5 karat syntetisk krystall<br \/>\nSteinst\u00f8rrelse: 10*12 mm<br \/>\nTotal vekt: 5,3 g<br \/>\nLanserings\u00e5r\/sesong: Sommeren 2025<br \/>\nProduktkode: 25SSR04<\/p>","protected":false},"featured_media":1387,"comment_status":"open","ping_status":"closed","template":"","meta":{"_acf_changed":false},"product_brand":[],"product_cat":[30],"product_tag":[],"class_list":{"0":"post-1386","1":"product","2":"type-product","3":"status-publish","4":"has-post-thumbnail","6":"product_cat-rings","8":"first","9":"instock","10":"shipping-taxable","11":"purchasable","12":"product-type-simple","13":"wpzoom-wc-spi-has-enabled"},"acf":[],"_links":{"self":[{"href":"https:\/\/mythkeyjewelry.com\/nb\/wp-json\/wp\/v2\/product\/1386","targetHints":{"allow":["GET"]}}],"collection":[{"href":"https:\/\/mythkeyjewelry.com\/nb\/wp-json\/wp\/v2\/product"}],"about":[{"href":"https:\/\/mythkeyjewelry.com\/nb\/wp-json\/wp\/v2\/types\/product"}],"replies":[{"embeddable":true,"href":"https:\/\/mythkeyjewelry.com\/nb\/wp-json\/wp\/v2\/comments?post=1386"}],"version-history":[{"count":1,"href":"https:\/\/mythkeyjewelry.com\/nb\/wp-json\/wp\/v2\/product\/1386\/revisions"}],"predecessor-version":[{"id":1390,"href":"https:\/\/mythkeyjewelry.com\/nb\/wp-json\/wp\/v2\/product\/1386\/revisions\/1390"}],"wp:featuredmedia":[{"embeddable":true,"href":"https:\/\/mythkeyjewelry.com\/nb\/wp-json\/wp\/v2\/media\/1387"}],"wp:attachment":[{"href":"https:\/\/mythkeyjewelry.com\/nb\/wp-json\/wp\/v2\/media?parent=1386"}],"wp:term":[{"taxonomy":"product_brand","embeddable":true,"href":"https:\/\/mythkeyjewelry.com\/nb\/wp-json\/wp\/v2\/product_brand?post=1386"},{"taxonomy":"product_cat","embeddable":true,"href":"https:\/\/mythkeyjewelry.com\/nb\/wp-json\/wp\/v2\/product_cat?post=1386"},{"taxonomy":"product_tag","embeddable":true,"href":"https:\/\/mythkeyjewelry.com\/nb\/wp-json\/wp\/v2\/product_tag?post=1386"}],"curies":[{"name":"wp","href":"https:\/\/api.w.org\/{rel}","templated":true}]}}