{"id":1396,"date":"2025-10-29T06:42:51","date_gmt":"2025-10-29T06:42:51","guid":{"rendered":"https:\/\/mythkeyjewelry.com\/?post_type=product&#038;p=1396"},"modified":"2025-11-01T00:32:52","modified_gmt":"2025-11-01T00:32:52","slug":"mythkey-2-carat-cushion-blue-crystal-solitaire-ring","status":"publish","type":"product","link":"https:\/\/mythkeyjewelry.com\/nb\/produkt\/mythkey-2-carat-cushion-blue-crystal-solitaire-ring\/","title":{"rendered":"MYTHKEY 2 karat solit\u00e6rring med bl\u00e5 putekrystall"},"content":{"rendered":"<p>MYTHKEY Whispering Wave Ring fanger havets rolige rytme i en enkelt str\u00e5lende perle. Den puteformede bl\u00e5 krystallen avsl\u00f8rer en fascinerende spiral av lys, som minner om solbelyste krusninger som danser over rolige vann. Den er innfattet i et pav\u00e9diamantb\u00e5nd og representerer moderne enkelhet og varig briljans - et tidl\u00f8st smykke som gir ro og selvtillit til enhver look.<\/p>","protected":false},"excerpt":{"rendered":"<p>Navn: Whispering Wave<br \/>\nMateriale: 925 s\u00f8lv<br \/>\nHovedstein: 2 karat syntetisk krystall<br \/>\nSteinst\u00f8rrelse: 8*8 mm<br \/>\nTotal vekt: 3 g<br \/>\nLanserings\u00e5r\/sesong: Sommeren 2025<br \/>\nProduktkode: 25SSR05<\/p>","protected":false},"featured_media":1397,"comment_status":"open","ping_status":"closed","template":"","meta":{"_acf_changed":false},"product_brand":[],"product_cat":[30],"product_tag":[],"class_list":{"0":"post-1396","1":"product","2":"type-product","3":"status-publish","4":"has-post-thumbnail","6":"product_cat-rings","8":"first","9":"instock","10":"shipping-taxable","11":"purchasable","12":"product-type-simple","13":"wpzoom-wc-spi-has-enabled"},"acf":[],"_links":{"self":[{"href":"https:\/\/mythkeyjewelry.com\/nb\/wp-json\/wp\/v2\/product\/1396","targetHints":{"allow":["GET"]}}],"collection":[{"href":"https:\/\/mythkeyjewelry.com\/nb\/wp-json\/wp\/v2\/product"}],"about":[{"href":"https:\/\/mythkeyjewelry.com\/nb\/wp-json\/wp\/v2\/types\/product"}],"replies":[{"embeddable":true,"href":"https:\/\/mythkeyjewelry.com\/nb\/wp-json\/wp\/v2\/comments?post=1396"}],"version-history":[{"count":1,"href":"https:\/\/mythkeyjewelry.com\/nb\/wp-json\/wp\/v2\/product\/1396\/revisions"}],"predecessor-version":[{"id":1400,"href":"https:\/\/mythkeyjewelry.com\/nb\/wp-json\/wp\/v2\/product\/1396\/revisions\/1400"}],"wp:featuredmedia":[{"embeddable":true,"href":"https:\/\/mythkeyjewelry.com\/nb\/wp-json\/wp\/v2\/media\/1397"}],"wp:attachment":[{"href":"https:\/\/mythkeyjewelry.com\/nb\/wp-json\/wp\/v2\/media?parent=1396"}],"wp:term":[{"taxonomy":"product_brand","embeddable":true,"href":"https:\/\/mythkeyjewelry.com\/nb\/wp-json\/wp\/v2\/product_brand?post=1396"},{"taxonomy":"product_cat","embeddable":true,"href":"https:\/\/mythkeyjewelry.com\/nb\/wp-json\/wp\/v2\/product_cat?post=1396"},{"taxonomy":"product_tag","embeddable":true,"href":"https:\/\/mythkeyjewelry.com\/nb\/wp-json\/wp\/v2\/product_tag?post=1396"}],"curies":[{"name":"wp","href":"https:\/\/api.w.org\/{rel}","templated":true}]}}