{"id":1405,"date":"2025-10-29T22:44:22","date_gmt":"2025-10-29T22:44:22","guid":{"rendered":"https:\/\/mythkeyjewelry.com\/?post_type=product&#038;p=1405"},"modified":"2025-11-01T00:30:15","modified_gmt":"2025-11-01T00:30:15","slug":"mythkey-double-row-blue-and-white-crystal-band-ring","status":"publish","type":"product","link":"https:\/\/mythkeyjewelry.com\/nb\/produkt\/mythkey-double-row-blue-and-white-crystal-band-ring\/","title":{"rendered":"MYTHKEY dobbeltradet lilla og hvit krystallring"},"content":{"rendered":"<p>MYTHKEY Twilight Harmony Ring fanger \u00f8yeblikket der skumringen m\u00f8ter stjernelyset. Et raffinert dobbeltradet design kombinerer glitrende hvite krystaller med dype fiolettbl\u00e5 steiner, noe som skaper en myk kontrast som lyser av stille raffinement.<\/p>","protected":false},"excerpt":{"rendered":"<p>Navn: Twilight Harmony<br \/>\nMateriale: 925 s\u00f8lv<br \/>\nHovedstein: Syntetisk krystall<br \/>\nTotal vekt: 2,5 g<br \/>\nLanserings\u00e5r\/sesong: H\u00f8sten 2025<br \/>\nProduktkode: 25AR02<\/p>","protected":false},"featured_media":1408,"comment_status":"open","ping_status":"closed","template":"","meta":{"_acf_changed":false},"product_brand":[],"product_cat":[30],"product_tag":[],"class_list":{"0":"post-1405","1":"product","2":"type-product","3":"status-publish","4":"has-post-thumbnail","6":"product_cat-rings","8":"first","9":"instock","10":"shipping-taxable","11":"purchasable","12":"product-type-simple","13":"wpzoom-wc-spi-has-enabled"},"acf":[],"_links":{"self":[{"href":"https:\/\/mythkeyjewelry.com\/nb\/wp-json\/wp\/v2\/product\/1405","targetHints":{"allow":["GET"]}}],"collection":[{"href":"https:\/\/mythkeyjewelry.com\/nb\/wp-json\/wp\/v2\/product"}],"about":[{"href":"https:\/\/mythkeyjewelry.com\/nb\/wp-json\/wp\/v2\/types\/product"}],"replies":[{"embeddable":true,"href":"https:\/\/mythkeyjewelry.com\/nb\/wp-json\/wp\/v2\/comments?post=1405"}],"version-history":[{"count":2,"href":"https:\/\/mythkeyjewelry.com\/nb\/wp-json\/wp\/v2\/product\/1405\/revisions"}],"predecessor-version":[{"id":1410,"href":"https:\/\/mythkeyjewelry.com\/nb\/wp-json\/wp\/v2\/product\/1405\/revisions\/1410"}],"wp:featuredmedia":[{"embeddable":true,"href":"https:\/\/mythkeyjewelry.com\/nb\/wp-json\/wp\/v2\/media\/1408"}],"wp:attachment":[{"href":"https:\/\/mythkeyjewelry.com\/nb\/wp-json\/wp\/v2\/media?parent=1405"}],"wp:term":[{"taxonomy":"product_brand","embeddable":true,"href":"https:\/\/mythkeyjewelry.com\/nb\/wp-json\/wp\/v2\/product_brand?post=1405"},{"taxonomy":"product_cat","embeddable":true,"href":"https:\/\/mythkeyjewelry.com\/nb\/wp-json\/wp\/v2\/product_cat?post=1405"},{"taxonomy":"product_tag","embeddable":true,"href":"https:\/\/mythkeyjewelry.com\/nb\/wp-json\/wp\/v2\/product_tag?post=1405"}],"curies":[{"name":"wp","href":"https:\/\/api.w.org\/{rel}","templated":true}]}}