{"id":1411,"date":"2025-10-29T23:26:57","date_gmt":"2025-10-29T23:26:57","guid":{"rendered":"https:\/\/mythkeyjewelry.com\/?post_type=product&#038;p=1411"},"modified":"2025-11-01T00:25:03","modified_gmt":"2025-11-01T00:25:03","slug":"mythkey-pear-cut-cluster-spiral-ring","status":"publish","type":"product","link":"https:\/\/mythkeyjewelry.com\/nb\/produkt\/mythkey-pear-cut-cluster-spiral-ring\/","title":{"rendered":"MYTHKEY Spiralring med p\u00e6reslipt klynge"},"content":{"rendered":"<p>MYTHKEY Celestial Flow Ring er et uttrykk for bevegelsens ynde fanget i lyset. Den spiralformede silhuetten er prydet med pav\u00e9innfattede krystaller som glir rundt et p\u00e6reslipt midtstykke - et design som gjenspeiler b\u00e5de eleganse og moderne kunstnerskap. Den str\u00e5ler fra alle vinkler og minner om stjernelysets skimrende bane over nattehimmelen - tidl\u00f8s, flytende og fengslende.<\/p>","protected":false},"excerpt":{"rendered":"<p>Navn: Celestial Flow<br \/>\nMateriale: 925 s\u00f8lv<br \/>\nSteintype: Syntetisk krystall<br \/>\nTotal vekt: 4 g<br \/>\nLanserings\u00e5r\/sesong: V\u00e5ren 2024<br \/>\nProduktkode: 24R02<\/p>","protected":false},"featured_media":1412,"comment_status":"open","ping_status":"closed","template":"","meta":{"_acf_changed":false},"product_brand":[],"product_cat":[30],"product_tag":[],"class_list":{"0":"post-1411","1":"product","2":"type-product","3":"status-publish","4":"has-post-thumbnail","6":"product_cat-rings","8":"first","9":"instock","10":"shipping-taxable","11":"purchasable","12":"product-type-simple","13":"wpzoom-wc-spi-has-enabled"},"acf":[],"_links":{"self":[{"href":"https:\/\/mythkeyjewelry.com\/nb\/wp-json\/wp\/v2\/product\/1411","targetHints":{"allow":["GET"]}}],"collection":[{"href":"https:\/\/mythkeyjewelry.com\/nb\/wp-json\/wp\/v2\/product"}],"about":[{"href":"https:\/\/mythkeyjewelry.com\/nb\/wp-json\/wp\/v2\/types\/product"}],"replies":[{"embeddable":true,"href":"https:\/\/mythkeyjewelry.com\/nb\/wp-json\/wp\/v2\/comments?post=1411"}],"version-history":[{"count":2,"href":"https:\/\/mythkeyjewelry.com\/nb\/wp-json\/wp\/v2\/product\/1411\/revisions"}],"predecessor-version":[{"id":1436,"href":"https:\/\/mythkeyjewelry.com\/nb\/wp-json\/wp\/v2\/product\/1411\/revisions\/1436"}],"wp:featuredmedia":[{"embeddable":true,"href":"https:\/\/mythkeyjewelry.com\/nb\/wp-json\/wp\/v2\/media\/1412"}],"wp:attachment":[{"href":"https:\/\/mythkeyjewelry.com\/nb\/wp-json\/wp\/v2\/media?parent=1411"}],"wp:term":[{"taxonomy":"product_brand","embeddable":true,"href":"https:\/\/mythkeyjewelry.com\/nb\/wp-json\/wp\/v2\/product_brand?post=1411"},{"taxonomy":"product_cat","embeddable":true,"href":"https:\/\/mythkeyjewelry.com\/nb\/wp-json\/wp\/v2\/product_cat?post=1411"},{"taxonomy":"product_tag","embeddable":true,"href":"https:\/\/mythkeyjewelry.com\/nb\/wp-json\/wp\/v2\/product_tag?post=1411"}],"curies":[{"name":"wp","href":"https:\/\/api.w.org\/{rel}","templated":true}]}}