{"id":1474,"date":"2025-10-31T02:37:10","date_gmt":"2025-10-31T02:37:10","guid":{"rendered":"https:\/\/mythkeyjewelry.com\/?post_type=product&#038;p=1474"},"modified":"2025-11-01T00:22:45","modified_gmt":"2025-11-01T00:22:45","slug":"mythkey-2-5-carat-white-cabochon-crystal-halo-ring","status":"publish","type":"product","link":"https:\/\/mythkeyjewelry.com\/nb\/produkt\/mythkey-2-5-carat-white-cabochon-crystal-halo-ring\/","title":{"rendered":"MYTHKEY 2,5 karat hvit cabochon-krystall halo-ring"},"content":{"rendered":"<p>MYTHKEY Eternal White Ring utstr\u00e5ler renhet og stille utstr\u00e5ling. En lysende hvit cabochon-krystall hviler i midten, omgitt av en glorie av presisjonsslipte steiner som skinner som frost. Dette smykket er innfattet i polert s\u00f8lv og blander myk eleganse med himmelsk glans - noe som skaper en rolig gl\u00f8d som utfyller b\u00e5de hverdagens ynde og kveldens raffinement. B\u00e6r den som et snev av m\u00e5neskinn - rolig, lysende og evig.<\/p>","protected":false},"excerpt":{"rendered":"<p>Navn: Eternal White<br \/>\nMateriale: 925 s\u00f8lv<br \/>\nSteintype: 2,5 karat syntetisk krystall<br \/>\nSteinst\u00f8rrelse: 8*10 mm<br \/>\nTotal vekt: 5,3 g<br \/>\nLanserings\u00e5r\/sesong: V\u00e5ren 2025<br \/>\nProduktkode: 25R02<\/p>","protected":false},"featured_media":1479,"comment_status":"open","ping_status":"closed","template":"","meta":{"_acf_changed":false},"product_brand":[],"product_cat":[30],"product_tag":[],"class_list":{"0":"post-1474","1":"product","2":"type-product","3":"status-publish","4":"has-post-thumbnail","6":"product_cat-rings","8":"first","9":"instock","10":"shipping-taxable","11":"purchasable","12":"product-type-simple","13":"wpzoom-wc-spi-has-enabled"},"acf":[],"_links":{"self":[{"href":"https:\/\/mythkeyjewelry.com\/nb\/wp-json\/wp\/v2\/product\/1474","targetHints":{"allow":["GET"]}}],"collection":[{"href":"https:\/\/mythkeyjewelry.com\/nb\/wp-json\/wp\/v2\/product"}],"about":[{"href":"https:\/\/mythkeyjewelry.com\/nb\/wp-json\/wp\/v2\/types\/product"}],"replies":[{"embeddable":true,"href":"https:\/\/mythkeyjewelry.com\/nb\/wp-json\/wp\/v2\/comments?post=1474"}],"version-history":[{"count":1,"href":"https:\/\/mythkeyjewelry.com\/nb\/wp-json\/wp\/v2\/product\/1474\/revisions"}],"predecessor-version":[{"id":1480,"href":"https:\/\/mythkeyjewelry.com\/nb\/wp-json\/wp\/v2\/product\/1474\/revisions\/1480"}],"wp:featuredmedia":[{"embeddable":true,"href":"https:\/\/mythkeyjewelry.com\/nb\/wp-json\/wp\/v2\/media\/1479"}],"wp:attachment":[{"href":"https:\/\/mythkeyjewelry.com\/nb\/wp-json\/wp\/v2\/media?parent=1474"}],"wp:term":[{"taxonomy":"product_brand","embeddable":true,"href":"https:\/\/mythkeyjewelry.com\/nb\/wp-json\/wp\/v2\/product_brand?post=1474"},{"taxonomy":"product_cat","embeddable":true,"href":"https:\/\/mythkeyjewelry.com\/nb\/wp-json\/wp\/v2\/product_cat?post=1474"},{"taxonomy":"product_tag","embeddable":true,"href":"https:\/\/mythkeyjewelry.com\/nb\/wp-json\/wp\/v2\/product_tag?post=1474"}],"curies":[{"name":"wp","href":"https:\/\/api.w.org\/{rel}","templated":true}]}}