{"id":1481,"date":"2025-10-31T03:14:42","date_gmt":"2025-10-31T03:14:42","guid":{"rendered":"https:\/\/mythkeyjewelry.com\/?post_type=product&#038;p=1481"},"modified":"2025-11-25T05:52:58","modified_gmt":"2025-11-25T05:52:58","slug":"mythkey-4-8-carat-green-round-crystal-lotus-halo-ring","status":"publish","type":"product","link":"https:\/\/mythkeyjewelry.com\/nb\/produkt\/mythkey-4-8-carat-green-round-crystal-lotus-halo-ring\/","title":{"rendered":"MYTHKEY 4,8 karat gr\u00f8nn rund krystall Lotus Halo Ring"},"content":{"rendered":"<p>MYTHKEY Verdant Radiance Ring feirer den levende glansen fra naturen i full blomst. I hjertet av ringen ligger en levende gr\u00f8nn krystall som gl\u00f8der som sollyset gjennom friske v\u00e5rblader. Omkranset av en glorie av presisjonsslipte steiner danner den en lysende blomstersilhuett som flimrer med hver bevegelse. B\u00e6r det som et streif av levende lys, der eleganse m\u00f8ter naturens puls.<\/p>","protected":false},"excerpt":{"rendered":"<p>Navn: Verdant Radiance<br \/>\nMateriale: 925 s\u00f8lv<br \/>\nHovedstein: 4,8 karat syntetisk krystall<br \/>\nSteinst\u00f8rrelse: 10*12 mm<br \/>\nTotal vekt: 8,5 g<br \/>\nLanserings\u00e5r\/sesong: H\u00f8sten 2025<br \/>\nProduktkode: 25AR04<\/p>","protected":false},"featured_media":1498,"comment_status":"open","ping_status":"closed","template":"","meta":{"_acf_changed":false},"product_brand":[],"product_cat":[30],"product_tag":[],"class_list":{"0":"post-1481","1":"product","2":"type-product","3":"status-publish","4":"has-post-thumbnail","6":"product_cat-rings","8":"first","9":"instock","10":"shipping-taxable","11":"purchasable","12":"product-type-simple","13":"wpzoom-wc-spi-has-enabled"},"acf":[],"_links":{"self":[{"href":"https:\/\/mythkeyjewelry.com\/nb\/wp-json\/wp\/v2\/product\/1481","targetHints":{"allow":["GET"]}}],"collection":[{"href":"https:\/\/mythkeyjewelry.com\/nb\/wp-json\/wp\/v2\/product"}],"about":[{"href":"https:\/\/mythkeyjewelry.com\/nb\/wp-json\/wp\/v2\/types\/product"}],"replies":[{"embeddable":true,"href":"https:\/\/mythkeyjewelry.com\/nb\/wp-json\/wp\/v2\/comments?post=1481"}],"version-history":[{"count":2,"href":"https:\/\/mythkeyjewelry.com\/nb\/wp-json\/wp\/v2\/product\/1481\/revisions"}],"predecessor-version":[{"id":1641,"href":"https:\/\/mythkeyjewelry.com\/nb\/wp-json\/wp\/v2\/product\/1481\/revisions\/1641"}],"wp:featuredmedia":[{"embeddable":true,"href":"https:\/\/mythkeyjewelry.com\/nb\/wp-json\/wp\/v2\/media\/1498"}],"wp:attachment":[{"href":"https:\/\/mythkeyjewelry.com\/nb\/wp-json\/wp\/v2\/media?parent=1481"}],"wp:term":[{"taxonomy":"product_brand","embeddable":true,"href":"https:\/\/mythkeyjewelry.com\/nb\/wp-json\/wp\/v2\/product_brand?post=1481"},{"taxonomy":"product_cat","embeddable":true,"href":"https:\/\/mythkeyjewelry.com\/nb\/wp-json\/wp\/v2\/product_cat?post=1481"},{"taxonomy":"product_tag","embeddable":true,"href":"https:\/\/mythkeyjewelry.com\/nb\/wp-json\/wp\/v2\/product_tag?post=1481"}],"curies":[{"name":"wp","href":"https:\/\/api.w.org\/{rel}","templated":true}]}}