{"id":1488,"date":"2025-10-31T03:44:12","date_gmt":"2025-10-31T03:44:12","guid":{"rendered":"https:\/\/mythkeyjewelry.com\/?post_type=product&#038;p=1488"},"modified":"2025-11-24T05:41:08","modified_gmt":"2025-11-24T05:41:08","slug":"mythkey-4-8-carat-oval-teal-crystal-halo-ring","status":"publish","type":"product","link":"https:\/\/mythkeyjewelry.com\/nb\/produkt\/mythkey-4-8-carat-oval-teal-crystal-halo-ring\/","title":{"rendered":"MYTHKEY 4,8 karat oval bl\u00e5gr\u00f8nn krystallring med halo"},"content":{"rendered":"<p>MYTHKEY Aqua Grace Ring utstr\u00e5ler ro med et moderne, klassisk preg. I midten gl\u00f8der en levende ovalsk\u00e5ret bl\u00e5gr\u00f8nn krystall, som minner om stille vann kysset av morgenlyset. Omkranset av en glorie av presisjonsslipte steiner, skinner den fra alle vinkler og byr p\u00e5 tidl\u00f8s glitter og raffinert raffinement. Dette smykket er laget i sterlings\u00f8lv og gir en hviskende eleganse til b\u00e5de hverdagslige \u00f8yeblikk og formelle kvelder - grasi\u00f8st, friskt og evig lysende.<\/p>","protected":false},"excerpt":{"rendered":"<p>Navn: Aqua Grace<br \/>\nMateriale: 925 s\u00f8lv<br \/>\nHovedstein: 4,8 karat syntetisk krystall<br \/>\nSteinst\u00f8rrelse: 10*12 mm<br \/>\nTotal vekt: 8,3 g<br \/>\nLanserings\u00e5r\/sesong: H\u00f8sten 2025<br \/>\nProduktkode: 25AR03<\/p>","protected":false},"featured_media":1491,"comment_status":"open","ping_status":"closed","template":"","meta":{"_acf_changed":false},"product_brand":[],"product_cat":[30],"product_tag":[],"class_list":{"0":"post-1488","1":"product","2":"type-product","3":"status-publish","4":"has-post-thumbnail","6":"product_cat-rings","8":"first","9":"instock","10":"shipping-taxable","11":"purchasable","12":"product-type-simple","13":"wpzoom-wc-spi-has-enabled"},"acf":[],"_links":{"self":[{"href":"https:\/\/mythkeyjewelry.com\/nb\/wp-json\/wp\/v2\/product\/1488","targetHints":{"allow":["GET"]}}],"collection":[{"href":"https:\/\/mythkeyjewelry.com\/nb\/wp-json\/wp\/v2\/product"}],"about":[{"href":"https:\/\/mythkeyjewelry.com\/nb\/wp-json\/wp\/v2\/types\/product"}],"replies":[{"embeddable":true,"href":"https:\/\/mythkeyjewelry.com\/nb\/wp-json\/wp\/v2\/comments?post=1488"}],"version-history":[{"count":1,"href":"https:\/\/mythkeyjewelry.com\/nb\/wp-json\/wp\/v2\/product\/1488\/revisions"}],"predecessor-version":[{"id":1494,"href":"https:\/\/mythkeyjewelry.com\/nb\/wp-json\/wp\/v2\/product\/1488\/revisions\/1494"}],"wp:featuredmedia":[{"embeddable":true,"href":"https:\/\/mythkeyjewelry.com\/nb\/wp-json\/wp\/v2\/media\/1491"}],"wp:attachment":[{"href":"https:\/\/mythkeyjewelry.com\/nb\/wp-json\/wp\/v2\/media?parent=1488"}],"wp:term":[{"taxonomy":"product_brand","embeddable":true,"href":"https:\/\/mythkeyjewelry.com\/nb\/wp-json\/wp\/v2\/product_brand?post=1488"},{"taxonomy":"product_cat","embeddable":true,"href":"https:\/\/mythkeyjewelry.com\/nb\/wp-json\/wp\/v2\/product_cat?post=1488"},{"taxonomy":"product_tag","embeddable":true,"href":"https:\/\/mythkeyjewelry.com\/nb\/wp-json\/wp\/v2\/product_tag?post=1488"}],"curies":[{"name":"wp","href":"https:\/\/api.w.org\/{rel}","templated":true}]}}