{"id":531,"date":"2025-10-16T01:33:05","date_gmt":"2025-10-16T01:33:05","guid":{"rendered":"https:\/\/mythkeyjewelry.com\/?post_type=product&#038;p=531"},"modified":"2025-10-27T22:42:18","modified_gmt":"2025-10-27T22:42:18","slug":"mythkey-5-caratgreen-chalcedony-cabochon-diamond-halo-pendant-necklace","status":"publish","type":"product","link":"https:\/\/mythkeyjewelry.com\/nb\/produkt\/mythkey-5-caratgreen-chalcedony-cabochon-diamond-halo-pendant-necklace\/","title":{"rendered":"MYTHKEY Halskjede med 5 karat gr\u00f8nn kalcedon cabochon diamant halo anheng"},"content":{"rendered":"<p>MYTHKEY Eternal Green utstr\u00e5ler tidl\u00f8s eleganse og fanger harmonien i naturen og lyset. En lysende 5 karat gr\u00f8nn kalcedon-cabochon hviler under en str\u00e5lende syntetisk krystall, begge innrammet av en glitrende glorie av fine pav\u00e9stener. Sammen skaper de balanse - roen fra den gr\u00f8nne kalcedonen og glansen fra diamanten over.<\/p>","protected":false},"excerpt":{"rendered":"<p>Navn: Eternal Green<br \/>\nMateriale: 925 s\u00f8lv<br \/>\nHovedstein: 5 karat gr\u00f8nn kalcedon, syntetisk krystall<br \/>\nSteinst\u00f8rrelse: 12 mm gr\u00f8nn kalcedon<br \/>\nKjettinglengde: 40 cm - 45 cm<br \/>\nTotal vekt: 7,8 g<br \/>\nLanserings\u00e5r\/sesong: V\u00e5ren 2025<br \/>\nProduktkode: 25SN01<\/p>","protected":false},"featured_media":532,"comment_status":"open","ping_status":"closed","template":"","meta":{"_acf_changed":false},"product_brand":[],"product_cat":[31],"product_tag":[],"class_list":{"0":"post-531","1":"product","2":"type-product","3":"status-publish","4":"has-post-thumbnail","6":"product_cat-necklaces","8":"first","9":"instock","10":"shipping-taxable","11":"purchasable","12":"product-type-simple","13":"wpzoom-wc-spi-has-enabled"},"acf":[],"_links":{"self":[{"href":"https:\/\/mythkeyjewelry.com\/nb\/wp-json\/wp\/v2\/product\/531","targetHints":{"allow":["GET"]}}],"collection":[{"href":"https:\/\/mythkeyjewelry.com\/nb\/wp-json\/wp\/v2\/product"}],"about":[{"href":"https:\/\/mythkeyjewelry.com\/nb\/wp-json\/wp\/v2\/types\/product"}],"replies":[{"embeddable":true,"href":"https:\/\/mythkeyjewelry.com\/nb\/wp-json\/wp\/v2\/comments?post=531"}],"version-history":[{"count":14,"href":"https:\/\/mythkeyjewelry.com\/nb\/wp-json\/wp\/v2\/product\/531\/revisions"}],"predecessor-version":[{"id":1353,"href":"https:\/\/mythkeyjewelry.com\/nb\/wp-json\/wp\/v2\/product\/531\/revisions\/1353"}],"wp:featuredmedia":[{"embeddable":true,"href":"https:\/\/mythkeyjewelry.com\/nb\/wp-json\/wp\/v2\/media\/532"}],"wp:attachment":[{"href":"https:\/\/mythkeyjewelry.com\/nb\/wp-json\/wp\/v2\/media?parent=531"}],"wp:term":[{"taxonomy":"product_brand","embeddable":true,"href":"https:\/\/mythkeyjewelry.com\/nb\/wp-json\/wp\/v2\/product_brand?post=531"},{"taxonomy":"product_cat","embeddable":true,"href":"https:\/\/mythkeyjewelry.com\/nb\/wp-json\/wp\/v2\/product_cat?post=531"},{"taxonomy":"product_tag","embeddable":true,"href":"https:\/\/mythkeyjewelry.com\/nb\/wp-json\/wp\/v2\/product_tag?post=531"}],"curies":[{"name":"wp","href":"https:\/\/api.w.org\/{rel}","templated":true}]}}