{"id":693,"date":"2025-10-17T03:39:48","date_gmt":"2025-10-17T03:39:48","guid":{"rendered":"https:\/\/mythkeyjewelry.com\/?post_type=product&#038;p=693"},"modified":"2025-10-19T22:08:59","modified_gmt":"2025-10-19T22:08:59","slug":"mythkey-grace-ruby-halo-diamond-pendant-necklace","status":"publish","type":"product","link":"https:\/\/mythkeyjewelry.com\/nb\/produkt\/mythkey-grace-ruby-halo-diamond-pendant-necklace\/","title":{"rendered":"MYTHKEY Grace Ruby Halo Diamond halskjede med diamantanheng"},"content":{"rendered":"<p>MYTHKEY Flame of Eternity skinner av evig varme, kj\u00e6rlighet og styrke. I hjertet av smykket ligger en 2 karat rubinr\u00f8d syntetisk krystall, omgitt av en delikat glorie av glitrende diamanter - et symbol p\u00e5 eleganse og evigvarende lidenskap. Med sin klassiske ovale silhuett utstr\u00e5ler dette anhenget raffinert sjarm, perfekt til hverdagsbruk eller spesielle feiringer. Enten du kombinerer det med en enkel bluse eller en kveldskjole, gir det selvtillit og en str\u00e5lende gl\u00f8d til hvert \u00f8yeblikk.<\/p>","protected":false},"excerpt":{"rendered":"<p>Navn: Evighetens flamme<br \/>\nMateriale: 925 s\u00f8lv<br \/>\nHovedstein: 2 karat syntetisk krystall<br \/>\nSteinst\u00f8rrelse: 6*8 mm<br \/>\nKjettinglengde: 40 cm - 45 cm<br \/>\nTotal vekt: 3,0 g<br \/>\nLanserings\u00e5r\/sesong: Vinteren 2024<br \/>\nProduktkode: 24WN02<\/p>","protected":false},"featured_media":694,"comment_status":"open","ping_status":"closed","template":"","meta":{"_acf_changed":false},"product_brand":[],"product_cat":[31],"product_tag":[],"class_list":{"0":"post-693","1":"product","2":"type-product","3":"status-publish","4":"has-post-thumbnail","6":"product_cat-necklaces","8":"first","9":"instock","10":"shipping-taxable","11":"purchasable","12":"product-type-simple","13":"wpzoom-wc-spi-has-enabled"},"acf":[],"_links":{"self":[{"href":"https:\/\/mythkeyjewelry.com\/nb\/wp-json\/wp\/v2\/product\/693","targetHints":{"allow":["GET"]}}],"collection":[{"href":"https:\/\/mythkeyjewelry.com\/nb\/wp-json\/wp\/v2\/product"}],"about":[{"href":"https:\/\/mythkeyjewelry.com\/nb\/wp-json\/wp\/v2\/types\/product"}],"replies":[{"embeddable":true,"href":"https:\/\/mythkeyjewelry.com\/nb\/wp-json\/wp\/v2\/comments?post=693"}],"version-history":[{"count":3,"href":"https:\/\/mythkeyjewelry.com\/nb\/wp-json\/wp\/v2\/product\/693\/revisions"}],"predecessor-version":[{"id":768,"href":"https:\/\/mythkeyjewelry.com\/nb\/wp-json\/wp\/v2\/product\/693\/revisions\/768"}],"wp:featuredmedia":[{"embeddable":true,"href":"https:\/\/mythkeyjewelry.com\/nb\/wp-json\/wp\/v2\/media\/694"}],"wp:attachment":[{"href":"https:\/\/mythkeyjewelry.com\/nb\/wp-json\/wp\/v2\/media?parent=693"}],"wp:term":[{"taxonomy":"product_brand","embeddable":true,"href":"https:\/\/mythkeyjewelry.com\/nb\/wp-json\/wp\/v2\/product_brand?post=693"},{"taxonomy":"product_cat","embeddable":true,"href":"https:\/\/mythkeyjewelry.com\/nb\/wp-json\/wp\/v2\/product_cat?post=693"},{"taxonomy":"product_tag","embeddable":true,"href":"https:\/\/mythkeyjewelry.com\/nb\/wp-json\/wp\/v2\/product_tag?post=693"}],"curies":[{"name":"wp","href":"https:\/\/api.w.org\/{rel}","templated":true}]}}