{"id":700,"date":"2025-10-17T03:46:45","date_gmt":"2025-10-17T03:46:45","guid":{"rendered":"https:\/\/mythkeyjewelry.com\/?post_type=product&#038;p=700"},"modified":"2025-10-24T22:38:10","modified_gmt":"2025-10-24T22:38:10","slug":"mythkey-4-carat-padparadscha-lotus-pendant-necklace","status":"publish","type":"product","link":"https:\/\/mythkeyjewelry.com\/nb\/produkt\/mythkey-4-carat-padparadscha-lotus-pendant-necklace\/","title":{"rendered":"MYTHKEY 4 karat Padparadscha Lotus-anheng halskjede"},"content":{"rendered":"<p>MYTHKEY 4-karat Padparadscha Lotus-anhengskjede med 4-karat Padparadscha Lotus er et halskjede som utstr\u00e5ler en unik eleganse med sin myke rosa edelsten. Den 11 mm store hovedsteinen glitrer i gyllent lys og utstr\u00e5ler b\u00e5de \u00f8mhet og glans. Det delikate kjedet hviler lett mot huden og passer til enhver stil - enten det er til hverdags, kveldskjoler eller ferieantrekk - og tilf\u00f8rer et streif av elegant glitter til ethvert look.<\/p>","protected":false},"excerpt":{"rendered":"<p>Navn: Str\u00e5lende Aura<br \/>\nMateriale: 925 s\u00f8lv<br \/>\nHovedstein: 4 karat Padparadscha<br \/>\nSteinst\u00f8rrelse: 11 mm<br \/>\nKjettinglengde: 40 cm - 45 cm<br \/>\nTotal vekt: 7,5 g<br \/>\nLanserings\u00e5r\/sesong: Sommeren 2025<br \/>\nProduktkode: 25SSN02<\/p>","protected":false},"featured_media":1248,"comment_status":"open","ping_status":"closed","template":"","meta":{"_acf_changed":false},"product_brand":[],"product_cat":[31],"product_tag":[],"class_list":{"0":"post-700","1":"product","2":"type-product","3":"status-publish","4":"has-post-thumbnail","6":"product_cat-necklaces","8":"first","9":"instock","10":"shipping-taxable","11":"purchasable","12":"product-type-simple","13":"wpzoom-wc-spi-has-enabled"},"acf":[],"_links":{"self":[{"href":"https:\/\/mythkeyjewelry.com\/nb\/wp-json\/wp\/v2\/product\/700","targetHints":{"allow":["GET"]}}],"collection":[{"href":"https:\/\/mythkeyjewelry.com\/nb\/wp-json\/wp\/v2\/product"}],"about":[{"href":"https:\/\/mythkeyjewelry.com\/nb\/wp-json\/wp\/v2\/types\/product"}],"replies":[{"embeddable":true,"href":"https:\/\/mythkeyjewelry.com\/nb\/wp-json\/wp\/v2\/comments?post=700"}],"version-history":[{"count":2,"href":"https:\/\/mythkeyjewelry.com\/nb\/wp-json\/wp\/v2\/product\/700\/revisions"}],"predecessor-version":[{"id":754,"href":"https:\/\/mythkeyjewelry.com\/nb\/wp-json\/wp\/v2\/product\/700\/revisions\/754"}],"wp:featuredmedia":[{"embeddable":true,"href":"https:\/\/mythkeyjewelry.com\/nb\/wp-json\/wp\/v2\/media\/1248"}],"wp:attachment":[{"href":"https:\/\/mythkeyjewelry.com\/nb\/wp-json\/wp\/v2\/media?parent=700"}],"wp:term":[{"taxonomy":"product_brand","embeddable":true,"href":"https:\/\/mythkeyjewelry.com\/nb\/wp-json\/wp\/v2\/product_brand?post=700"},{"taxonomy":"product_cat","embeddable":true,"href":"https:\/\/mythkeyjewelry.com\/nb\/wp-json\/wp\/v2\/product_cat?post=700"},{"taxonomy":"product_tag","embeddable":true,"href":"https:\/\/mythkeyjewelry.com\/nb\/wp-json\/wp\/v2\/product_tag?post=700"}],"curies":[{"name":"wp","href":"https:\/\/api.w.org\/{rel}","templated":true}]}}