{"id":714,"date":"2025-10-17T03:55:00","date_gmt":"2025-10-17T03:55:00","guid":{"rendered":"https:\/\/mythkeyjewelry.com\/?post_type=product&#038;p=714"},"modified":"2025-10-18T20:55:07","modified_gmt":"2025-10-18T20:55:07","slug":"mythkey-pink-clover-lucky-bloom-necklace","status":"publish","type":"product","link":"https:\/\/mythkeyjewelry.com\/nb\/produkt\/mythkey-pink-clover-lucky-bloom-necklace\/","title":{"rendered":"MYTHKEY Rosa kl\u00f8ver Lucky Bloom halskjede"},"content":{"rendered":"<p>MYTHKEY Lucky Bloom er delikat og str\u00e5lende, og blander moderne sjarm med klassisk eleganse. Det rosa kl\u00f8vermotivet glitrer med fine krystaller og tilf\u00f8rer stilen din et mykt streif av farge. Den er ideell b\u00e5de til hverdags og fest, og tilf\u00f8rer et hint av varme og positivitet til hvert \u00f8yeblikk.<\/p>","protected":false},"excerpt":{"rendered":"<p>Navn: Lucky Bloom<br \/>\nMateriale: 925 s\u00f8lv<br \/>\nHovedstein: Syntetisk krystall<br \/>\nKjettinglengde: 40 cm - 45 cm<br \/>\nTotal vekt: 3,0 g<br \/>\nLanserings\u00e5r\/sesong: Sommeren 2024<br \/>\nProduktkode: 24SSN01<\/p>","protected":false},"featured_media":715,"comment_status":"open","ping_status":"closed","template":"","meta":{"_acf_changed":false},"product_brand":[],"product_cat":[31],"product_tag":[],"class_list":{"0":"post-714","1":"product","2":"type-product","3":"status-publish","4":"has-post-thumbnail","6":"product_cat-necklaces","8":"first","9":"instock","10":"shipping-taxable","11":"purchasable","12":"product-type-simple","13":"wpzoom-wc-spi-has-enabled"},"acf":[],"_links":{"self":[{"href":"https:\/\/mythkeyjewelry.com\/nb\/wp-json\/wp\/v2\/product\/714","targetHints":{"allow":["GET"]}}],"collection":[{"href":"https:\/\/mythkeyjewelry.com\/nb\/wp-json\/wp\/v2\/product"}],"about":[{"href":"https:\/\/mythkeyjewelry.com\/nb\/wp-json\/wp\/v2\/types\/product"}],"replies":[{"embeddable":true,"href":"https:\/\/mythkeyjewelry.com\/nb\/wp-json\/wp\/v2\/comments?post=714"}],"version-history":[{"count":2,"href":"https:\/\/mythkeyjewelry.com\/nb\/wp-json\/wp\/v2\/product\/714\/revisions"}],"predecessor-version":[{"id":752,"href":"https:\/\/mythkeyjewelry.com\/nb\/wp-json\/wp\/v2\/product\/714\/revisions\/752"}],"wp:featuredmedia":[{"embeddable":true,"href":"https:\/\/mythkeyjewelry.com\/nb\/wp-json\/wp\/v2\/media\/715"}],"wp:attachment":[{"href":"https:\/\/mythkeyjewelry.com\/nb\/wp-json\/wp\/v2\/media?parent=714"}],"wp:term":[{"taxonomy":"product_brand","embeddable":true,"href":"https:\/\/mythkeyjewelry.com\/nb\/wp-json\/wp\/v2\/product_brand?post=714"},{"taxonomy":"product_cat","embeddable":true,"href":"https:\/\/mythkeyjewelry.com\/nb\/wp-json\/wp\/v2\/product_cat?post=714"},{"taxonomy":"product_tag","embeddable":true,"href":"https:\/\/mythkeyjewelry.com\/nb\/wp-json\/wp\/v2\/product_tag?post=714"}],"curies":[{"name":"wp","href":"https:\/\/api.w.org\/{rel}","templated":true}]}}