{"id":769,"date":"2025-10-19T22:09:41","date_gmt":"2025-10-19T22:09:41","guid":{"rendered":"https:\/\/mythkeyjewelry.com\/?post_type=product&#038;p=769"},"modified":"2025-10-19T22:15:41","modified_gmt":"2025-10-19T22:15:41","slug":"mythkey","status":"publish","type":"product","link":"https:\/\/mythkeyjewelry.com\/nb\/produkt\/mythkey\/","title":{"rendered":"MYTHKEY Halskjede med oval bl\u00e5 safir og diamant"},"content":{"rendered":"<p style=\"text-align: left;\">MYTHKEY Crown of Sapphire utstr\u00e5ler tidl\u00f8s eleganse. En fengslende 2 karat dypbl\u00e5 krystall er innfattet i midten, omkranset av en str\u00e5lende glorie av diamanter. Safirens rike fargetone st\u00e5r i vakker kontrast til glitteret rundt, noe som skaper et elegant og elegant uttrykk. Dette smykket blander klassisk h\u00e5ndverk med moderne eleganse, og g\u00e5r uanstrengt fra dag til kveld, noe som gj\u00f8r det perfekt til b\u00e5de hverdagsbruk og spesielle anledninger.<\/p>","protected":false},"excerpt":{"rendered":"<p>Navn: Safirens krone<br \/>\nMateriale: 925 s\u00f8lv<br \/>\nHovedstein: 2 karat syntetisk krystall<br \/>\nSteinst\u00f8rrelse: 7*9 mm<br \/>\nKjettinglengde: 40 cm - 50 cm<br \/>\nTotal vekt: 3,6 g<br \/>\nLanserings\u00e5r\/sesong:H\u00f8sten 2025<br \/>\nProduktkode: 25AN02<\/p>","protected":false},"featured_media":772,"comment_status":"open","ping_status":"closed","template":"","meta":{"_acf_changed":false},"product_brand":[],"product_cat":[31],"product_tag":[],"class_list":{"0":"post-769","1":"product","2":"type-product","3":"status-publish","4":"has-post-thumbnail","6":"product_cat-necklaces","8":"first","9":"instock","10":"shipping-taxable","11":"purchasable","12":"product-type-simple","13":"wpzoom-wc-spi-has-enabled"},"acf":[],"_links":{"self":[{"href":"https:\/\/mythkeyjewelry.com\/nb\/wp-json\/wp\/v2\/product\/769","targetHints":{"allow":["GET"]}}],"collection":[{"href":"https:\/\/mythkeyjewelry.com\/nb\/wp-json\/wp\/v2\/product"}],"about":[{"href":"https:\/\/mythkeyjewelry.com\/nb\/wp-json\/wp\/v2\/types\/product"}],"replies":[{"embeddable":true,"href":"https:\/\/mythkeyjewelry.com\/nb\/wp-json\/wp\/v2\/comments?post=769"}],"version-history":[{"count":3,"href":"https:\/\/mythkeyjewelry.com\/nb\/wp-json\/wp\/v2\/product\/769\/revisions"}],"predecessor-version":[{"id":777,"href":"https:\/\/mythkeyjewelry.com\/nb\/wp-json\/wp\/v2\/product\/769\/revisions\/777"}],"wp:featuredmedia":[{"embeddable":true,"href":"https:\/\/mythkeyjewelry.com\/nb\/wp-json\/wp\/v2\/media\/772"}],"wp:attachment":[{"href":"https:\/\/mythkeyjewelry.com\/nb\/wp-json\/wp\/v2\/media?parent=769"}],"wp:term":[{"taxonomy":"product_brand","embeddable":true,"href":"https:\/\/mythkeyjewelry.com\/nb\/wp-json\/wp\/v2\/product_brand?post=769"},{"taxonomy":"product_cat","embeddable":true,"href":"https:\/\/mythkeyjewelry.com\/nb\/wp-json\/wp\/v2\/product_cat?post=769"},{"taxonomy":"product_tag","embeddable":true,"href":"https:\/\/mythkeyjewelry.com\/nb\/wp-json\/wp\/v2\/product_tag?post=769"}],"curies":[{"name":"wp","href":"https:\/\/api.w.org\/{rel}","templated":true}]}}