{"id":987,"date":"2025-10-20T23:13:41","date_gmt":"2025-10-20T23:13:41","guid":{"rendered":"https:\/\/mythkeyjewelry.com\/?post_type=product&#038;p=987"},"modified":"2025-10-24T02:11:10","modified_gmt":"2025-10-24T02:11:10","slug":"mythkey-classic-16-carat-tennis-bracelet","status":"publish","type":"product","link":"https:\/\/mythkeyjewelry.com\/nb\/produkt\/mythkey-classic-16-carat-tennis-bracelet\/","title":{"rendered":"MYTHKEY Classic 16 karat tennisarmb\u00e5nd"},"content":{"rendered":"<p>MYTHKEY Classic Each 0.4ct Tennis Bracelet har en tidl\u00f8s serie med rundslipte steiner, hver p\u00e5 ca. 0,4ct, omhyggelig innfattet for \u00e5 skape en kontinuerlig gnist av eleganse og undervurdert luksus. De er laget av syntetisk krystall med h\u00f8y presisjon og gir en briljans og holdbarhet som kan sammenlignes med naturlige edelstener, med overlegen klarhet, stabil farge og milj\u00f8vennlig b\u00e6rekraft - noe som gir deg skj\u00f8nnheten til eksklusive smykker innen rekkevidde.<\/p>","protected":false},"excerpt":{"rendered":"<p>Navn: Eternal Orbit<br \/>\nMateriale: 925 s\u00f8lv<br \/>\nSteintype: Syntetisk krystall 0,4ct hver<br \/>\nSteinst\u00f8rrelse: 4 mm<br \/>\nTotal vekt: 16 g<br \/>\nLanserings\u00e5r\/sesong:V\u00e5ren 2024<br \/>\nProduktkode: 24SB01<\/p>","protected":false},"featured_media":988,"comment_status":"open","ping_status":"closed","template":"","meta":{"_acf_changed":false},"product_brand":[],"product_cat":[32],"product_tag":[],"class_list":{"0":"post-987","1":"product","2":"type-product","3":"status-publish","4":"has-post-thumbnail","6":"product_cat-bracelets","8":"first","9":"instock","10":"shipping-taxable","11":"purchasable","12":"product-type-simple","13":"wpzoom-wc-spi-has-enabled"},"acf":[],"_links":{"self":[{"href":"https:\/\/mythkeyjewelry.com\/nb\/wp-json\/wp\/v2\/product\/987","targetHints":{"allow":["GET"]}}],"collection":[{"href":"https:\/\/mythkeyjewelry.com\/nb\/wp-json\/wp\/v2\/product"}],"about":[{"href":"https:\/\/mythkeyjewelry.com\/nb\/wp-json\/wp\/v2\/types\/product"}],"replies":[{"embeddable":true,"href":"https:\/\/mythkeyjewelry.com\/nb\/wp-json\/wp\/v2\/comments?post=987"}],"version-history":[{"count":3,"href":"https:\/\/mythkeyjewelry.com\/nb\/wp-json\/wp\/v2\/product\/987\/revisions"}],"predecessor-version":[{"id":1223,"href":"https:\/\/mythkeyjewelry.com\/nb\/wp-json\/wp\/v2\/product\/987\/revisions\/1223"}],"wp:featuredmedia":[{"embeddable":true,"href":"https:\/\/mythkeyjewelry.com\/nb\/wp-json\/wp\/v2\/media\/988"}],"wp:attachment":[{"href":"https:\/\/mythkeyjewelry.com\/nb\/wp-json\/wp\/v2\/media?parent=987"}],"wp:term":[{"taxonomy":"product_brand","embeddable":true,"href":"https:\/\/mythkeyjewelry.com\/nb\/wp-json\/wp\/v2\/product_brand?post=987"},{"taxonomy":"product_cat","embeddable":true,"href":"https:\/\/mythkeyjewelry.com\/nb\/wp-json\/wp\/v2\/product_cat?post=987"},{"taxonomy":"product_tag","embeddable":true,"href":"https:\/\/mythkeyjewelry.com\/nb\/wp-json\/wp\/v2\/product_tag?post=987"}],"curies":[{"name":"wp","href":"https:\/\/api.w.org\/{rel}","templated":true}]}}