{"id":992,"date":"2025-10-20T23:18:11","date_gmt":"2025-10-20T23:18:11","guid":{"rendered":"https:\/\/mythkeyjewelry.com\/?post_type=product&#038;p=992"},"modified":"2025-10-24T02:11:31","modified_gmt":"2025-10-24T02:11:31","slug":"mythkey-oval-sapphire-halo-bracelet","status":"publish","type":"product","link":"https:\/\/mythkeyjewelry.com\/nb\/produkt\/mythkey-oval-sapphire-halo-bracelet\/","title":{"rendered":"MYTHKEY Oval safir halo-armb\u00e5nd"},"content":{"rendered":"<p>MYTHKEY Oval Sapphire Halo Bracelet har dypbl\u00e5, ovale safirer omkranset av str\u00e5lende diamantglorier, som blander tidl\u00f8s eleganse med moderne raffinement. Den elegante lenkedesignen sikrer komfort og flyt, noe som gj\u00f8r armb\u00e5ndet ideelt til b\u00e5de hverdagsbruk og formelle anledninger. Armb\u00e5ndet er prydet med presisjonsslipte syntetiske krystaller som gir en glans og holdbarhet som kan sammenlignes med naturlige edelstener, samtidig som de har overlegen klarhet, stabil farge og milj\u00f8vennlig b\u00e6rekraft.<\/p>","protected":false},"excerpt":{"rendered":"<p>Navn: Ocean Oval Eternity<br \/>\nMateriale: 925 s\u00f8lv<br \/>\nSteintype: Syntetisk krystall<br \/>\nSteinst\u00f8rrelse: 3 * 4 mm<br \/>\nTotal vekt: 7 g<br \/>\nLanserings\u00e5r\/sesong: Vinteren 2024<br \/>\nProduktkode: 24WB01<\/p>","protected":false},"featured_media":993,"comment_status":"open","ping_status":"closed","template":"","meta":{"_acf_changed":false},"product_brand":[],"product_cat":[32],"product_tag":[],"class_list":{"0":"post-992","1":"product","2":"type-product","3":"status-publish","4":"has-post-thumbnail","6":"product_cat-bracelets","8":"first","9":"instock","10":"shipping-taxable","11":"purchasable","12":"product-type-simple","13":"wpzoom-wc-spi-has-enabled"},"acf":[],"_links":{"self":[{"href":"https:\/\/mythkeyjewelry.com\/nb\/wp-json\/wp\/v2\/product\/992","targetHints":{"allow":["GET"]}}],"collection":[{"href":"https:\/\/mythkeyjewelry.com\/nb\/wp-json\/wp\/v2\/product"}],"about":[{"href":"https:\/\/mythkeyjewelry.com\/nb\/wp-json\/wp\/v2\/types\/product"}],"replies":[{"embeddable":true,"href":"https:\/\/mythkeyjewelry.com\/nb\/wp-json\/wp\/v2\/comments?post=992"}],"version-history":[{"count":3,"href":"https:\/\/mythkeyjewelry.com\/nb\/wp-json\/wp\/v2\/product\/992\/revisions"}],"predecessor-version":[{"id":1224,"href":"https:\/\/mythkeyjewelry.com\/nb\/wp-json\/wp\/v2\/product\/992\/revisions\/1224"}],"wp:featuredmedia":[{"embeddable":true,"href":"https:\/\/mythkeyjewelry.com\/nb\/wp-json\/wp\/v2\/media\/993"}],"wp:attachment":[{"href":"https:\/\/mythkeyjewelry.com\/nb\/wp-json\/wp\/v2\/media?parent=992"}],"wp:term":[{"taxonomy":"product_brand","embeddable":true,"href":"https:\/\/mythkeyjewelry.com\/nb\/wp-json\/wp\/v2\/product_brand?post=992"},{"taxonomy":"product_cat","embeddable":true,"href":"https:\/\/mythkeyjewelry.com\/nb\/wp-json\/wp\/v2\/product_cat?post=992"},{"taxonomy":"product_tag","embeddable":true,"href":"https:\/\/mythkeyjewelry.com\/nb\/wp-json\/wp\/v2\/product_tag?post=992"}],"curies":[{"name":"wp","href":"https:\/\/api.w.org\/{rel}","templated":true}]}}