{"id":997,"date":"2025-10-20T23:22:31","date_gmt":"2025-10-20T23:22:31","guid":{"rendered":"https:\/\/mythkeyjewelry.com\/?post_type=product&#038;p=997"},"modified":"2025-10-24T02:11:53","modified_gmt":"2025-10-24T02:11:53","slug":"mythkey-oval-ruby-halo-bracelet","status":"publish","type":"product","link":"https:\/\/mythkeyjewelry.com\/nb\/produkt\/mythkey-oval-ruby-halo-bracelet\/","title":{"rendered":"MYTHKEY Oval Ruby Halo Armb\u00e5nd"},"content":{"rendered":"<p>MYTHKEY Oval Ruby Halo Bracelet viser levende, ovale rubiner omgitt av str\u00e5lende diamantglorier, og skaper en perfekt balanse mellom lidenskap og eleganse. Armb\u00e5ndet er laget av presisjonsslipte syntetiske krystaller som gir en briljans og holdbarhet som kan sammenlignes med naturlige edelstener, med eksepsjonell klarhet, stabil farge og milj\u00f8vennlig b\u00e6rekraft - noe som gir luksus og raffinement innen rekkevidde.<\/p>","protected":false},"excerpt":{"rendered":"<p>Navn: Evighetens flamme<br \/>\nMateriale: 925 s\u00f8lv<br \/>\nSteintype: Syntetisk krystall<br \/>\nSteinst\u00f8rrelse: 3 * 4 mm<br \/>\nTotal vekt: 7 g<br \/>\nLanserings\u00e5r\/sesong:Vinteren 2024<br \/>\nProduktkode: 24WB02<\/p>","protected":false},"featured_media":1026,"comment_status":"open","ping_status":"closed","template":"","meta":{"_acf_changed":false},"product_brand":[],"product_cat":[32],"product_tag":[],"class_list":{"0":"post-997","1":"product","2":"type-product","3":"status-publish","4":"has-post-thumbnail","6":"product_cat-bracelets","8":"first","9":"instock","10":"shipping-taxable","11":"purchasable","12":"product-type-simple","13":"wpzoom-wc-spi-has-enabled"},"acf":[],"_links":{"self":[{"href":"https:\/\/mythkeyjewelry.com\/nb\/wp-json\/wp\/v2\/product\/997","targetHints":{"allow":["GET"]}}],"collection":[{"href":"https:\/\/mythkeyjewelry.com\/nb\/wp-json\/wp\/v2\/product"}],"about":[{"href":"https:\/\/mythkeyjewelry.com\/nb\/wp-json\/wp\/v2\/types\/product"}],"replies":[{"embeddable":true,"href":"https:\/\/mythkeyjewelry.com\/nb\/wp-json\/wp\/v2\/comments?post=997"}],"version-history":[{"count":2,"href":"https:\/\/mythkeyjewelry.com\/nb\/wp-json\/wp\/v2\/product\/997\/revisions"}],"predecessor-version":[{"id":1225,"href":"https:\/\/mythkeyjewelry.com\/nb\/wp-json\/wp\/v2\/product\/997\/revisions\/1225"}],"wp:featuredmedia":[{"embeddable":true,"href":"https:\/\/mythkeyjewelry.com\/nb\/wp-json\/wp\/v2\/media\/1026"}],"wp:attachment":[{"href":"https:\/\/mythkeyjewelry.com\/nb\/wp-json\/wp\/v2\/media?parent=997"}],"wp:term":[{"taxonomy":"product_brand","embeddable":true,"href":"https:\/\/mythkeyjewelry.com\/nb\/wp-json\/wp\/v2\/product_brand?post=997"},{"taxonomy":"product_cat","embeddable":true,"href":"https:\/\/mythkeyjewelry.com\/nb\/wp-json\/wp\/v2\/product_cat?post=997"},{"taxonomy":"product_tag","embeddable":true,"href":"https:\/\/mythkeyjewelry.com\/nb\/wp-json\/wp\/v2\/product_tag?post=997"}],"curies":[{"name":"wp","href":"https:\/\/api.w.org\/{rel}","templated":true}]}}